{"id":596,"date":"2023-11-19T20:19:11","date_gmt":"2023-11-19T20:19:11","guid":{"rendered":"https:\/\/www.mariselastrosytarot.com\/?post_type=product&#038;p=596"},"modified":"2024-01-29T20:31:29","modified_gmt":"2024-01-29T20:31:29","slug":"horoscopo-escorpio-2024","status":"publish","type":"product","link":"http:\/\/www.mariselastrosytarot.com\/?product=horoscopo-escorpio-2024","title":{"rendered":"Hor\u00f3scopo ESCORPIO 2024"},"content":{"rendered":"<h5>Con la compra de este art\u00edculo tendr\u00e1s un audio de m\u00e1s de 18 minutos con las predicciones del 2024 a partir de los tr\u00e1nsitos astrol\u00f3gicos. Podr\u00e1s iniciar el pr\u00f3ximo a\u00f1o con toda la informaci\u00f3n y energ\u00eda disponible a nivel planetario para tu signo solar o ascendente, en cuanto al AMOR, SALUD, DINERO y TRABAJO.<\/h5>\n<p>&nbsp;<\/p>\n<h5>El audio llegar\u00e1 a tu correo electr\u00f3nico para que puedas descargarlo, una vez realices la compra. Aseg\u00farate de revisar la bandeja de Spam o correo no deseado en caso de que no lo veas en la bandeja de entrada.<\/h5>\n","protected":false},"excerpt":{"rendered":"<p>Hor\u00f3scopo ESCORPIO 2024<\/p>\n","protected":false},"featured_media":597,"comment_status":"open","ping_status":"closed","template":"","meta":{"_uag_custom_page_level_css":"","site-sidebar-layout":"default","site-content-layout":"","ast-site-content-layout":"default","site-content-style":"default","site-sidebar-style":"default","ast-global-header-display":"","ast-banner-title-visibility":"","ast-main-header-display":"","ast-hfb-above-header-display":"","ast-hfb-below-header-display":"","ast-hfb-mobile-header-display":"","site-post-title":"","ast-breadcrumbs-content":"","ast-featured-img":"","footer-sml-layout":"disabled","theme-transparent-header-meta":"default","adv-header-id-meta":"","stick-header-meta":"default","header-above-stick-meta":"","header-main-stick-meta":"","header-below-stick-meta":"","astra-migrate-meta-layouts":"set","ast-page-background-enabled":"default","ast-page-background-meta":{"desktop":{"background-color":"","background-image":"","background-repeat":"repeat","background-position":"center center","background-size":"auto","background-attachment":"scroll","background-type":"","background-media":"","overlay-type":"","overlay-color":"","overlay-gradient":""},"tablet":{"background-color":"","background-image":"","background-repeat":"repeat","background-position":"center center","background-size":"auto","background-attachment":"scroll","background-type":"","background-media":"","overlay-type":"","overlay-color":"","overlay-gradient":""},"mobile":{"background-color":"","background-image":"","background-repeat":"repeat","background-position":"center center","background-size":"auto","background-attachment":"scroll","background-type":"","background-media":"","overlay-type":"","overlay-color":"","overlay-gradient":""}},"ast-content-background-meta":{"desktop":{"background-color":"var(--ast-global-color-5)","background-image":"","background-repeat":"repeat","background-position":"center center","background-size":"auto","background-attachment":"scroll","background-type":"","background-media":"","overlay-type":"","overlay-color":"","overlay-gradient":""},"tablet":{"background-color":"var(--ast-global-color-5)","background-image":"","background-repeat":"repeat","background-position":"center center","background-size":"auto","background-attachment":"scroll","background-type":"","background-media":"","overlay-type":"","overlay-color":"","overlay-gradient":""},"mobile":{"background-color":"var(--ast-global-color-5)","background-image":"","background-repeat":"repeat","background-position":"center center","background-size":"auto","background-attachment":"scroll","background-type":"","background-media":"","overlay-type":"","overlay-color":"","overlay-gradient":""}}},"product_cat":[20],"product_tag":[27],"uagb_featured_image_src":{"full":["http:\/\/www.mariselastrosytarot.com\/wp-content\/uploads\/2023\/11\/ESCORPIO-2024.jpg",1080,1080,false],"thumbnail":["http:\/\/www.mariselastrosytarot.com\/wp-content\/uploads\/2023\/11\/ESCORPIO-2024-150x150.jpg",150,150,true],"medium":["http:\/\/www.mariselastrosytarot.com\/wp-content\/uploads\/2023\/11\/ESCORPIO-2024-300x300.jpg",300,300,true],"medium_large":["http:\/\/www.mariselastrosytarot.com\/wp-content\/uploads\/2023\/11\/ESCORPIO-2024-768x768.jpg",768,768,true],"large":["http:\/\/www.mariselastrosytarot.com\/wp-content\/uploads\/2023\/11\/ESCORPIO-2024-1024x1024.jpg",1024,1024,true],"1536x1536":["http:\/\/www.mariselastrosytarot.com\/wp-content\/uploads\/2023\/11\/ESCORPIO-2024.jpg",1080,1080,false],"2048x2048":["http:\/\/www.mariselastrosytarot.com\/wp-content\/uploads\/2023\/11\/ESCORPIO-2024.jpg",1080,1080,false],"woocommerce_thumbnail":["http:\/\/www.mariselastrosytarot.com\/wp-content\/uploads\/2023\/11\/ESCORPIO-2024-300x457.jpg",300,457,true],"woocommerce_single":["http:\/\/www.mariselastrosytarot.com\/wp-content\/uploads\/2023\/11\/ESCORPIO-2024-600x600.jpg",600,600,true],"woocommerce_gallery_thumbnail":["http:\/\/www.mariselastrosytarot.com\/wp-content\/uploads\/2023\/11\/ESCORPIO-2024-150x150.jpg",100,100,true]},"uagb_author_info":{"display_name":"admin","author_link":"http:\/\/www.mariselastrosytarot.com\/?author=0"},"uagb_comment_info":1,"uagb_excerpt":"Hor\u00f3scopo ESCORPIO 2024","_links":{"self":[{"href":"http:\/\/www.mariselastrosytarot.com\/index.php?rest_route=\/wp\/v2\/product\/596"}],"collection":[{"href":"http:\/\/www.mariselastrosytarot.com\/index.php?rest_route=\/wp\/v2\/product"}],"about":[{"href":"http:\/\/www.mariselastrosytarot.com\/index.php?rest_route=\/wp\/v2\/types\/product"}],"replies":[{"embeddable":true,"href":"http:\/\/www.mariselastrosytarot.com\/index.php?rest_route=%2Fwp%2Fv2%2Fcomments&post=596"}],"wp:featuredmedia":[{"embeddable":true,"href":"http:\/\/www.mariselastrosytarot.com\/index.php?rest_route=\/wp\/v2\/media\/597"}],"wp:attachment":[{"href":"http:\/\/www.mariselastrosytarot.com\/index.php?rest_route=%2Fwp%2Fv2%2Fmedia&parent=596"}],"wp:term":[{"taxonomy":"product_cat","embeddable":true,"href":"http:\/\/www.mariselastrosytarot.com\/index.php?rest_route=%2Fwp%2Fv2%2Fproduct_cat&post=596"},{"taxonomy":"product_tag","embeddable":true,"href":"http:\/\/www.mariselastrosytarot.com\/index.php?rest_route=%2Fwp%2Fv2%2Fproduct_tag&post=596"}],"curies":[{"name":"wp","href":"https:\/\/api.w.org\/{rel}","templated":true}]}}